{"id":758,"date":"2019-10-29T14:41:28","date_gmt":"2019-10-29T13:41:28","guid":{"rendered":"https:\/\/kycweb.diskrim.io\/?page_id=758"},"modified":"2019-11-19T13:10:51","modified_gmt":"2019-11-19T12:10:51","slug":"testing","status":"publish","type":"page","link":"https:\/\/kycweb.com\/?page_id=758","title":{"rendered":"testing"},"content":{"rendered":"<div id=\"cs-content\" class=\"cs-content\" >\n<div class=\"e758-1 x-section\" >\n      \n<div class=\"e758-2 x-row x-container max width\" >\n  <div class=\"x-row-inner\">\n    \n<div class=\"e758-3 x-col\" >\n    \n<span class=\"e758-4 x-image\" >\n  <img alt=\"Image\" src=\"https:\/\/kycweb.com\/wp-content\/uploads\/2019\/10\/dashboard.png\" width=\"900\" height=\"900\" >\n<\/span>\n\n<div class=\"e758-5 x-text x-text-headline\" >\n  <div class=\"x-text-content\"><div class=\"x-text-content-text\"><h2 class=\"x-text-content-text-primary\"><p>Testen Sie KYCweb<\/p><\/h2><span class=\"x-text-content-text-subheadline\">Kontaktieren Sie uns<\/span><\/div><\/div><\/div>\n\n<div class=\"e758-6 x-text\" >\n  <p>Senden Sie uns eine Anfrage, wir beraten Sie gerne. Wir beraten Sie gerne, wie Sie das System testen k\u00f6nnen. Bei Interesse richten wir Ihnen dazu ein Testkonto ein.<\/p><\/div>\n<\/div>\n\n<div class=\"e758-7 x-col\" >\n    <div role=\"form\" class=\"wpcf7\" id=\"wpcf7-f16-o1\" lang=\"de-DE\" dir=\"ltr\">\n<div class=\"screen-reader-response\"><p role=\"status\" aria-live=\"polite\" aria-atomic=\"true\"><\/p> <ul><\/ul><\/div>\n<form action=\"\/index.php?rest_route=%2Fwp%2Fv2%2Fpages%2F758#wpcf7-f16-o1\" method=\"post\" class=\"wpcf7-form init\" novalidate=\"novalidate\" data-status=\"init\">\n<div style=\"display: none;\">\n<input type=\"hidden\" name=\"_wpcf7\" value=\"16\" \/>\n<input type=\"hidden\" name=\"_wpcf7_version\" value=\"5.5.3\" \/>\n<input type=\"hidden\" name=\"_wpcf7_locale\" value=\"de_DE\" \/>\n<input type=\"hidden\" name=\"_wpcf7_unit_tag\" value=\"wpcf7-f16-o1\" \/>\n<input type=\"hidden\" name=\"_wpcf7_container_post\" value=\"0\" \/>\n<input type=\"hidden\" name=\"_wpcf7_posted_data_hash\" value=\"\" \/>\n<input type=\"hidden\" name=\"_wpcf7_recaptcha_response\" value=\"\" \/>\n<\/div>\n<p><label> Name<br \/>\n    <span class=\"wpcf7-form-control-wrap your-name\"><input type=\"text\" name=\"your-name\" value=\"\" size=\"40\" class=\"wpcf7-form-control wpcf7-text wpcf7-validates-as-required\" aria-required=\"true\" aria-invalid=\"false\" \/><\/span> <\/label><\/p>\n<p><label> Email<br \/>\n    <span class=\"wpcf7-form-control-wrap your-email\"><input type=\"email\" name=\"your-email\" value=\"\" size=\"40\" class=\"wpcf7-form-control wpcf7-text wpcf7-email wpcf7-validates-as-required wpcf7-validates-as-email\" aria-required=\"true\" aria-invalid=\"false\" \/><\/span> <\/label><\/p>\n<p><label> Betreff<br \/>\n    <span class=\"wpcf7-form-control-wrap your-subject\"><input type=\"text\" name=\"your-subject\" value=\"\" size=\"40\" class=\"wpcf7-form-control wpcf7-text\" aria-invalid=\"false\" \/><\/span> <\/label><\/p>\n<p><label> Nachricht<br \/>\n    <span class=\"wpcf7-form-control-wrap your-message\"><textarea name=\"your-message\" cols=\"40\" rows=\"10\" class=\"wpcf7-form-control wpcf7-textarea\" aria-invalid=\"false\"><\/textarea><\/span> <\/label><\/p>\n<p><input type=\"submit\" value=\"Senden\" class=\"wpcf7-form-control has-spinner wpcf7-submit\" \/><\/p>\n<p style=\"display: none !important;\"><label>&#916;<textarea name=\"_wpcf7_ak_hp_textarea\" cols=\"45\" rows=\"8\" maxlength=\"100\"><\/textarea><\/label><input type=\"hidden\" id=\"ak_js\" name=\"_wpcf7_ak_js\" value=\"154\"\/><script>document.getElementById( \"ak_js\" ).setAttribute( \"value\", ( new Date() ).getTime() );<\/script><\/p><div class=\"wpcf7-response-output\" aria-hidden=\"true\"><\/div><\/form><\/div><\/div>\n  <\/div>\n  <\/div>\n  <\/div>\n\n<div class=\"e758-9 x-section\" >\n      \n<div class=\"e758-10 x-row x-container max width\" >\n  <div class=\"x-row-inner\">\n    \n<div class=\"e758-11 x-col\" >\n    \n<span class=\"e758-12 x-image\" >\n  <img alt=\"Image\" src=\"https:\/\/kycweb.com\/wp-content\/uploads\/2019\/10\/New_4.png\" width=\"450\" height=\"269\" >\n<\/span>\n\n<div class=\"e758-13 x-text x-text-headline\" >\n  <div class=\"x-text-content\"><div class=\"x-text-content-text\"><h1 class=\"x-text-content-text-primary\"><p>Einladen, registrieren<\/p><\/h1><\/div><\/div><\/div>\n\n<div class=\"e758-14 x-text\" >\n  <p>Legen Sie einen neunen Klienten an und laden Sie diesen per Email ein, um den <span style=\"color: #ff0000;\">KYC Prozess<\/span> zu beginnen. Sie erhalten Zugang zu unserem Dashboard. Dort werden Ihre Klienten verwaltet, freigegeben und anschliessend ausgewertet. Falls Dokumente unterzeichnet werden m\u00fcssen, k\u00f6nnen Sie von diese dort heruntergeladen. Unterlagen die Hochgeladen wurden, k\u00f6nnen im Dashboard kontrolliert werden.<\/p><\/div>\n<\/div>\n\n<div class=\"e758-15 x-col\" >\n    \n<span class=\"e758-16 x-image\" >\n  <img alt=\"Image\" src=\"https:\/\/kycweb.com\/wp-content\/uploads\/2019\/10\/New_2.png\" width=\"450\" height=\"269\" >\n<\/span>\n\n<div class=\"e758-17 x-text x-text-headline\" >\n  <div class=\"x-text-content\"><div class=\"x-text-content-text\"><h1 class=\"x-text-content-text-primary\"><p>Ausf\u00fcllen, hochladen<\/p><\/h1><\/div><\/div><\/div>\n\n<div class=\"e758-18 x-text\" >\n  <p>Ihre Klienten f\u00fcllen die Daten eigenst\u00e4ndig aus und laden Dokumente hoch. Wenn es sich um juristische Personen handelt, f\u00fchrt jeder Weg zur dahinterstehenden nat\u00fcrlichen Person. Die Klienten haben 7 Tage Zugang zum System, \u00c4nderungen werden automatisch gespeichert. Wir speichern die Daten ausschliesslich in \u00d6sterreich in hochsicheren Rechenzentren.<\/p><\/div>\n<\/div>\n\n<div class=\"e758-19 x-col\" >\n    \n<span class=\"e758-20 x-image\" >\n  <img alt=\"Image\" src=\"https:\/\/kycweb.com\/wp-content\/uploads\/2019\/10\/New_1.png\" width=\"450\" height=\"269\" >\n<\/span>\n\n<div class=\"e758-21 x-text x-text-headline\" >\n  <div class=\"x-text-content\"><div class=\"x-text-content-text\"><h1 class=\"x-text-content-text-primary\"><p>Pr\u00fcfen, freigeben<\/p><\/h1><\/div><\/div><\/div>\n\n<div class=\"e758-22 x-text\" >\n  <p>Nachdem Ihr Klient den Prozess beendet hat, erhalten Sie eine Benachrichtigung per Email. Sie k\u00f6nnen nun im Dashboard die Daten auswerten und nach Ihren individuellen Richtlinien pr\u00fcfen. Der Klient kann das Formular entweder pers\u00f6nlich unterzeichnen, oder unsere eIDAS Unterschrift nutzen.<\/p><\/div>\n<\/div>\n  <\/div>\n  <\/div>\n  <\/div>\n\n<div class=\"e758-23 x-section\" >\n      \n<div class=\"e758-24 x-row x-container max width\" >\n  <div class=\"x-row-inner\">\n    \n<div class=\"e758-25 x-col\" >\n    \n<div class=\"e758-26 x-text x-text-headline\" data-x-element=\"text_type\" data-x-params=\"{&quot;strings&quot;:[&quot; Sicher&quot;,&quot; eIDAS Unterschrift&quot;,&quot; Transparent&quot;,&quot;&quot;],&quot;type_speed&quot;:100,&quot;back_speed&quot;:100,&quot;start_delay&quot;:0,&quot;back_delay&quot;:1000,&quot;loop&quot;:true,&quot;show_cursor&quot;:true,&quot;cursor&quot;:&quot;I&quot;}\" >\n  <div class=\"x-text-content\"><div class=\"x-text-content-text\"><h2 class=\"x-text-content-text-primary\">Vorteile. <span class=\"x-text-typing\"><\/span><\/h2><span class=\"x-text-content-text-subheadline\">Warum Sie KYCweb nutzen sollten<\/span><\/div><\/div><\/div>\n<\/div>\n  <\/div>\n  <\/div>\n\n<div class=\"e758-27 x-row x-container max width\" >\n  <div class=\"x-row-inner\">\n    \n<div class=\"e758-28 x-col\" >\n    \n<hr class=\"e758-29 x-line aligncenter\" >\n<\/div>\n  <\/div>\n  <\/div>\n  <\/div>\n\n<div class=\"e758-30 x-section\" >\n      \n<div class=\"e758-31 x-row x-container max width\" >\n  <div class=\"x-row-inner\">\n    \n<div class=\"e758-32 x-col\" >\n    \n<span class=\"e758-33 x-image\" >\n  <img alt=\"Image\" src=\"https:\/\/kycweb.com\/wp-content\/uploads\/2019\/10\/Firma2.png\" width=\"450\" height=\"269\" >\n<\/span>\n\n<div class=\"e758-34 x-text x-text-headline\" >\n  <div class=\"x-text-content\"><div class=\"x-text-content-text\"><h1 class=\"x-text-content-text-primary\"><p>Bis zur letzten Person<\/p><\/h1><\/div><\/div><\/div>\n\n<div class=\"e758-35 x-text\" >\n  <p>Bei jeder Eingabe werden juristische Personen in dahinterstehende nat\u00fcrliche Personen geteilt. Jede nat\u00fcrliche Person durchl\u00e4uft ihren eignen KYC Prozess.<\/p><\/div>\n<\/div>\n\n<div class=\"e758-36 x-col\" >\n    \n<span class=\"e758-37 x-image\" >\n  <img alt=\"Image\" src=\"https:\/\/kycweb.com\/wp-content\/uploads\/2019\/10\/New_44.png\" width=\"450\" height=\"269\" >\n<\/span>\n\n<div class=\"e758-38 x-text x-text-headline\" >\n  <div class=\"x-text-content\"><div class=\"x-text-content-text\"><h1 class=\"x-text-content-text-primary\"><p><span style=\"caret-color: #ff0000;\">Sichere Cloud in \u00d6sterreich<\/span><\/p><\/h1><\/div><\/div><\/div>\n\n<div class=\"e758-39 x-text\" >\n  <p>Alle Daten werden sicher in \u00d6sterreich gespeichert und sind nur mittels 2 unabh\u00e4ngigen Passw\u00f6rtern abrufbar. (Multi- Factor Authentication)<\/p><\/div>\n<\/div>\n\n<div class=\"e758-40 x-col\" >\n    \n<span class=\"e758-41 x-image\" >\n  <img alt=\"Image\" src=\"https:\/\/kycweb.com\/wp-content\/uploads\/2019\/10\/New_444.png\" width=\"450\" height=\"269\" >\n<\/span>\n\n<div class=\"e758-42 x-text x-text-headline\" >\n  <div class=\"x-text-content\"><div class=\"x-text-content-text\"><h1 class=\"x-text-content-text-primary\"><p>Sichere und Moderne Unterschrift<\/p><\/h1><\/div><\/div><\/div>\n\n<div class=\"e758-43 x-text\" >\n  <p>Wir bieten Ihnen die M\u00f6glichkeit alle Ihre Dokumente und KYC Formulare mittels<span style=\"color: #ff0000;\"><a href=\"https:\/\/eur-lex.europa.eu\/eli\/reg\/2014\/910\/\" style=\"color: #ff0000;\"> eIDAS<\/a><\/span> zu unterzeichnen.<\/p><\/div>\n<\/div>\n  <\/div>\n  <\/div>\n  <\/div>\n\n<div class=\"e758-44 x-section\" >\n      \n<div class=\"e758-45 x-row x-container max width\" >\n  <div class=\"x-row-inner\">\n    \n<div class=\"e758-46 x-col\" >\n    \n<span class=\"e758-47 x-image\" >\n  <img alt=\"Image\" src=\"https:\/\/kycweb.com\/wp-content\/uploads\/2019\/05\/KYC_logo_weiss.png\" width=\"125\" height=\"33\" >\n<\/span>\n\n<div class=\"e758-48 x-text\" >\n  <p>KYC Web<br \/>\nein Unternehmen der<\/p>\n<p>Global Data Protection GmbH<br \/>\nBiberstrasse 10 \/6<br \/>\n1010 Wien<\/p>\n<p>info@kycweb.com<\/p>\n<p><span style=\"color: #ffffff;\"><a href=\"#imp\" style=\"color: #ffffff;\">Impressum<\/a><br \/>\n<a href=\"#daten\" style=\"color: #ffffff;\">Datenschutz<\/a><br \/>\n<\/span><\/p><\/div>\n<\/div>\n\n<div class=\"e758-49 x-col\" >\n    \n<div class=\"e758-50 x-text\" >\n  <p>Ein sicherer Ort f\u00fcr Ihre Daten!<br \/>\nCloud Storage und Chat mit Datenspeicher in \u00d6sterreich<\/p><\/div>\n\n<div class=\"e758-51 x-text\" >\n  <p>eIDAS Unterschrift<br \/>\nKYC gepr\u00fcft Unterschreiben mittels Fingerprint, Video und Gesichtserkennung.<br \/>\n<span style=\"color: #ff0000;\"><a href=\"https:\/\/www.bundesnetzagentur.de\/DE\/Service-Funktionen\/ElektronischeVertrauensdienste\/QualifizierteVD\/QualVDA.html\" target=\"_blank\" rel=\"noopener\" style=\"color: #ff0000;\">MEHR INFO<\/a><\/span><\/p><\/div>\n<\/div>\n\n<div class=\"e758-52 x-col\" >\n    \n<div class=\"e758-53 x-text\" >\n  <p><strong>Gegenstand des Unternehmens <\/strong><br \/>\nErstellung und Vertrieb von Softwareprodukten, Erbringung von Dienstleistungen im Bereich der Informationstechnologie (Beratung, Softwareentwicklung, Betrieb von IT-L\u00f6sungen).<\/p>\n<p><strong>Disclaimer<\/strong> <br \/>\nWir bieten keine Gew\u00e4hr f\u00fcr die Aktualit\u00e4t, Richtigkeit und Vollst\u00e4ndigkeit der Informationen unserer Homepage. Die von uns zur Verf\u00fcgung gestellten Informationen stellen in keinem Fall rechtliche Zusicherungen dar. F\u00fcr die Inhalte und die Richtigkeit verlinkter Seiten \u00fcbernehmen wir keinerlei Haftung. Die Inhalte unserer Homepage sind urheberrechtlich gesch\u00fctzt. Die Inhalte d\u00fcrfen weder ganz noch teilweise ohne vorherige schriftliche Genehmigung vervielf\u00e4ltigt und\/oder ver\u00f6ffentlicht oder in einem Informationssystem gespeichert werden. Die Darstellung unserer Homepage in fremden Frames ist nur nach ausdr\u00fccklicher schriftlicher Zustimmung zul\u00e4ssig.<\/p><\/div>\n<\/div>\n  <\/div>\n  <\/div>\n  <\/div>\n<\/div>\n","protected":false},"excerpt":{"rendered":"","protected":false},"author":1,"featured_media":0,"parent":0,"menu_order":0,"comment_status":"closed","ping_status":"closed","template":"template-blank-5.php","meta":[],"yoast_head":"<!-- This site is optimized with the Yoast SEO plugin v17.8 - https:\/\/yoast.com\/wordpress\/plugins\/seo\/ -->\n<title>testing | KYC<\/title>\n<meta name=\"robots\" content=\"index, follow, max-snippet:-1, max-image-preview:large, max-video-preview:-1\" \/>\n<link rel=\"canonical\" href=\"https:\/\/kycweb.com\/?page_id=758\" \/>\n<meta property=\"og:locale\" content=\"de_DE\" \/>\n<meta property=\"og:type\" content=\"article\" \/>\n<meta property=\"og:title\" content=\"testing | KYC\" \/>\n<meta property=\"og:url\" content=\"https:\/\/kycweb.com\/?page_id=758\" \/>\n<meta property=\"og:site_name\" content=\"KYC\" \/>\n<meta property=\"article:modified_time\" content=\"2019-11-19T12:10:51+00:00\" \/>\n<meta name=\"twitter:card\" content=\"summary_large_image\" \/>\n<meta name=\"twitter:label1\" content=\"Gesch\u00e4tzte Lesezeit\" \/>\n\t<meta name=\"twitter:data1\" content=\"2\u00a0Minuten\" \/>\n<script type=\"application\/ld+json\" class=\"yoast-schema-graph\">{\"@context\":\"https:\/\/schema.org\",\"@graph\":[{\"@type\":\"Organization\",\"@id\":\"https:\/\/kycweb.com\/#organization\",\"name\":\"KYCweb\",\"url\":\"https:\/\/kycweb.com\/\",\"sameAs\":[],\"logo\":{\"@type\":\"ImageObject\",\"@id\":\"https:\/\/kycweb.com\/#logo\",\"inLanguage\":\"de\",\"url\":\"https:\/\/kycweb.com\/wp-content\/uploads\/2019\/05\/KYC_logo_n1-1.png\",\"contentUrl\":\"https:\/\/kycweb.com\/wp-content\/uploads\/2019\/05\/KYC_logo_n1-1.png\",\"width\":600,\"height\":181,\"caption\":\"KYCweb\"},\"image\":{\"@id\":\"https:\/\/kycweb.com\/#logo\"}},{\"@type\":\"WebSite\",\"@id\":\"https:\/\/kycweb.com\/#website\",\"url\":\"https:\/\/kycweb.com\/\",\"name\":\"KYCweb\",\"description\":\"Download your KYC tool\",\"publisher\":{\"@id\":\"https:\/\/kycweb.com\/#organization\"},\"potentialAction\":[{\"@type\":\"SearchAction\",\"target\":{\"@type\":\"EntryPoint\",\"urlTemplate\":\"https:\/\/kycweb.com\/?s={search_term_string}\"},\"query-input\":\"required name=search_term_string\"}],\"inLanguage\":\"de\"},{\"@type\":\"WebPage\",\"@id\":\"https:\/\/kycweb.com\/?page_id=758#webpage\",\"url\":\"https:\/\/kycweb.com\/?page_id=758\",\"name\":\"testing | KYC\",\"isPartOf\":{\"@id\":\"https:\/\/kycweb.com\/#website\"},\"datePublished\":\"2019-10-29T13:41:28+00:00\",\"dateModified\":\"2019-11-19T12:10:51+00:00\",\"breadcrumb\":{\"@id\":\"https:\/\/kycweb.com\/?page_id=758#breadcrumb\"},\"inLanguage\":\"de\",\"potentialAction\":[{\"@type\":\"ReadAction\",\"target\":[\"https:\/\/kycweb.com\/?page_id=758\"]}]},{\"@type\":\"BreadcrumbList\",\"@id\":\"https:\/\/kycweb.com\/?page_id=758#breadcrumb\",\"itemListElement\":[{\"@type\":\"ListItem\",\"position\":1,\"name\":\"Startseite\",\"item\":\"https:\/\/kycweb.com\/\"},{\"@type\":\"ListItem\",\"position\":2,\"name\":\"testing\"}]}]}<\/script>\n<!-- \/ Yoast SEO plugin. -->","yoast_head_json":{"title":"testing | KYC","robots":{"index":"index","follow":"follow","max-snippet":"max-snippet:-1","max-image-preview":"max-image-preview:large","max-video-preview":"max-video-preview:-1"},"canonical":"https:\/\/kycweb.com\/?page_id=758","og_locale":"de_DE","og_type":"article","og_title":"testing | KYC","og_url":"https:\/\/kycweb.com\/?page_id=758","og_site_name":"KYC","article_modified_time":"2019-11-19T12:10:51+00:00","twitter_card":"summary_large_image","twitter_misc":{"Gesch\u00e4tzte Lesezeit":"2\u00a0Minuten"},"schema":{"@context":"https:\/\/schema.org","@graph":[{"@type":"Organization","@id":"https:\/\/kycweb.com\/#organization","name":"KYCweb","url":"https:\/\/kycweb.com\/","sameAs":[],"logo":{"@type":"ImageObject","@id":"https:\/\/kycweb.com\/#logo","inLanguage":"de","url":"https:\/\/kycweb.com\/wp-content\/uploads\/2019\/05\/KYC_logo_n1-1.png","contentUrl":"https:\/\/kycweb.com\/wp-content\/uploads\/2019\/05\/KYC_logo_n1-1.png","width":600,"height":181,"caption":"KYCweb"},"image":{"@id":"https:\/\/kycweb.com\/#logo"}},{"@type":"WebSite","@id":"https:\/\/kycweb.com\/#website","url":"https:\/\/kycweb.com\/","name":"KYCweb","description":"Download your KYC tool","publisher":{"@id":"https:\/\/kycweb.com\/#organization"},"potentialAction":[{"@type":"SearchAction","target":{"@type":"EntryPoint","urlTemplate":"https:\/\/kycweb.com\/?s={search_term_string}"},"query-input":"required name=search_term_string"}],"inLanguage":"de"},{"@type":"WebPage","@id":"https:\/\/kycweb.com\/?page_id=758#webpage","url":"https:\/\/kycweb.com\/?page_id=758","name":"testing | KYC","isPartOf":{"@id":"https:\/\/kycweb.com\/#website"},"datePublished":"2019-10-29T13:41:28+00:00","dateModified":"2019-11-19T12:10:51+00:00","breadcrumb":{"@id":"https:\/\/kycweb.com\/?page_id=758#breadcrumb"},"inLanguage":"de","potentialAction":[{"@type":"ReadAction","target":["https:\/\/kycweb.com\/?page_id=758"]}]},{"@type":"BreadcrumbList","@id":"https:\/\/kycweb.com\/?page_id=758#breadcrumb","itemListElement":[{"@type":"ListItem","position":1,"name":"Startseite","item":"https:\/\/kycweb.com\/"},{"@type":"ListItem","position":2,"name":"testing"}]}]}},"_links":{"self":[{"href":"https:\/\/kycweb.com\/index.php?rest_route=\/wp\/v2\/pages\/758"}],"collection":[{"href":"https:\/\/kycweb.com\/index.php?rest_route=\/wp\/v2\/pages"}],"about":[{"href":"https:\/\/kycweb.com\/index.php?rest_route=\/wp\/v2\/types\/page"}],"author":[{"embeddable":true,"href":"https:\/\/kycweb.com\/index.php?rest_route=\/wp\/v2\/users\/1"}],"replies":[{"embeddable":true,"href":"https:\/\/kycweb.com\/index.php?rest_route=%2Fwp%2Fv2%2Fcomments&post=758"}],"version-history":[{"count":19,"href":"https:\/\/kycweb.com\/index.php?rest_route=\/wp\/v2\/pages\/758\/revisions"}],"predecessor-version":[{"id":875,"href":"https:\/\/kycweb.com\/index.php?rest_route=\/wp\/v2\/pages\/758\/revisions\/875"}],"wp:attachment":[{"href":"https:\/\/kycweb.com\/index.php?rest_route=%2Fwp%2Fv2%2Fmedia&parent=758"}],"curies":[{"name":"wp","href":"https:\/\/api.w.org\/{rel}","templated":true}]}}